{"id":374,"date":"2017-06-13T15:40:43","date_gmt":"2017-06-13T15:40:43","guid":{"rendered":"http:\/\/deuse-transporte.de\/?page_id=374"},"modified":"2024-12-28T23:05:41","modified_gmt":"2024-12-28T23:05:41","slug":"historie","status":"publish","type":"page","link":"https:\/\/deuse-transporte.de\/?page_id=374","title":{"rendered":"Historie"},"content":{"rendered":"<div id=\"pl-374\"  class=\"panel-layout\" ><div id=\"pg-374-0\"  class=\"panel-grid panel-no-style\" ><div id=\"pgc-374-0-0\"  class=\"panel-grid-cell panel-grid-cell-empty\" ><\/div><div id=\"pgc-374-0-1\"  class=\"panel-grid-cell panel-grid-cell-mobile-last\" ><div id=\"panel-374-0-1-0\" class=\"so-panel widget widget_sow-editor panel-first-child panel-last-child\" data-index=\"0\" ><div\n\t\t\t\n\t\t\tclass=\"so-widget-sow-editor so-widget-sow-editor-base\"\n\t\t\t\n\t\t>\n<div class=\"siteorigin-widget-tinymce textwidget\">\n\t<p>Die <strong>Deuse Transporte GmbH<\/strong> wurde 1991 in Henstedt-Ulzburg von Herrn Karsten Deuse gegr\u00fcndet und hat <strong>seit 2001 ihren Firmensitz in Stelle<\/strong>. Das wachsende Transportaufkommen machte einen Umzug in neue B\u00fcro- und Lagerr\u00e4ume notwendig, um Ihnen als Kunden weiterhin den bestm\u00f6glichsten Service zu gew\u00e4hrleisten.<\/p>\n<p>Heute verf\u00fcgt die Deuse Transporte GmbH \u00fcber einen modernen Fuhrpark von diversen Lkw und Transportern in verschiedenen Gr\u00f6\u00dfen, so dass wir Ihnen vom Transporter \u00fcber den 7,5 to LKW bis hin zum Sattel- und Gliederzug mit einer Zuladung von 15 t, jederzeit den optimalen Transport bieten k\u00f6nnen.<\/p>\n<p>Unsere ausgebildeten Fahrer verf\u00fcgen \u00fcber ADR-Scheine f\u00fcr den Gefahrguttransport und werden durch regelm\u00e4\u00dfige Schulungen aufgefrischt. Selbstverst\u00e4ndlich verf\u00fcgen alle unsere Fahrer \u00fcber die Berufskraftfahrer-Qualifikation, die jedes Jahr auf den neuesten Stand gebracht wird.<\/p>\n<p><span style=\"color: #820000;\">Haben Sie fragen?<\/span> Rufen sie uns an unter Tel.: 04174 599 750<\/p>\n<\/div>\n<\/div><\/div><\/div><div id=\"pgc-374-0-2\"  class=\"panel-grid-cell panel-grid-cell-empty\" ><\/div><\/div><\/div>","protected":false},"excerpt":{"rendered":"<p>Die Deuse Transporte GmbH wurde 1991 in Henstedt-Ulzburg von Herrn Karsten Deuse gegr\u00fcndet und hat seit 2001 ihren Firmensitz in Stelle. Das wachsende Transportaufkommen machte einen Umzug in neue B\u00fcro- und Lagerr\u00e4ume notwendig, um Ihnen als Kunden weiterhin den bestm\u00f6glichsten Service zu gew\u00e4hrleisten.Heute verf\u00fcgt die Deuse Transporte GmbH \u00fcber einen modernen Fuhrpark von diversen Lkw&hellip;<\/p>\n","protected":false},"author":1,"featured_media":0,"parent":0,"menu_order":0,"comment_status":"closed","ping_status":"closed","template":"","meta":{"footnotes":""},"class_list":["post-374","page","type-page","status-publish","hentry"],"_links":{"self":[{"href":"https:\/\/deuse-transporte.de\/index.php?rest_route=\/wp\/v2\/pages\/374","targetHints":{"allow":["GET"]}}],"collection":[{"href":"https:\/\/deuse-transporte.de\/index.php?rest_route=\/wp\/v2\/pages"}],"about":[{"href":"https:\/\/deuse-transporte.de\/index.php?rest_route=\/wp\/v2\/types\/page"}],"author":[{"embeddable":true,"href":"https:\/\/deuse-transporte.de\/index.php?rest_route=\/wp\/v2\/users\/1"}],"replies":[{"embeddable":true,"href":"https:\/\/deuse-transporte.de\/index.php?rest_route=%2Fwp%2Fv2%2Fcomments&post=374"}],"version-history":[{"count":14,"href":"https:\/\/deuse-transporte.de\/index.php?rest_route=\/wp\/v2\/pages\/374\/revisions"}],"predecessor-version":[{"id":560,"href":"https:\/\/deuse-transporte.de\/index.php?rest_route=\/wp\/v2\/pages\/374\/revisions\/560"}],"wp:attachment":[{"href":"https:\/\/deuse-transporte.de\/index.php?rest_route=%2Fwp%2Fv2%2Fmedia&parent=374"}],"curies":[{"name":"wp","href":"https:\/\/api.w.org\/{rel}","templated":true}]}}