{"id":14,"date":"2017-06-11T07:43:39","date_gmt":"2017-06-11T07:43:39","guid":{"rendered":"http:\/\/deuse-transporte.de\/?page_id=14"},"modified":"2024-12-28T23:04:56","modified_gmt":"2024-12-28T23:04:56","slug":"kontakt","status":"publish","type":"page","link":"https:\/\/deuse-transporte.de\/?page_id=14","title":{"rendered":"Kontakt"},"content":{"rendered":"<div id=\"pl-14\"  class=\"panel-layout\" ><div id=\"pg-14-0\"  class=\"panel-grid panel-no-style\" ><div id=\"pgc-14-0-0\"  class=\"panel-grid-cell panel-grid-cell-empty\" ><\/div><div id=\"pgc-14-0-1\"  class=\"panel-grid-cell panel-grid-cell-mobile-last\" ><div id=\"panel-14-0-1-0\" class=\"so-panel widget widget_sow-editor panel-first-child panel-last-child\" data-index=\"0\" ><div\n\t\t\t\n\t\t\tclass=\"so-widget-sow-editor so-widget-sow-editor-base\"\n\t\t\t\n\t\t>\n<div class=\"siteorigin-widget-tinymce textwidget\">\n\t<p>Sie erreichen uns per <strong>Telefon<\/strong> unter: (0 41 74) 599 750 oder per <strong>e-Mail<\/strong>: <a href=\"mailto:info@deuse-transporte.de\" target=\"_blank\" rel=\"noopener noreferrer\">info@deuse-transporte.de<\/a><\/p>\n<p>F\u00fcr eine Kontaktaufnahme k\u00f6nnen Sie uns anrufen oder eine mail schreiben.<\/p>\n<p>Wir werden uns so schnell wie m\u00f6glich um Ihre Anfrage k\u00fcmmern.<\/p>\n<\/div>\n<\/div><\/div><\/div><div id=\"pgc-14-0-2\"  class=\"panel-grid-cell panel-grid-cell-empty\" ><\/div><\/div><\/div>","protected":false},"excerpt":{"rendered":"<p>Sie erreichen uns per Telefon unter: (0 41 74) 599 750 oder per e-Mail: info@deuse-transporte.de F\u00fcr eine Kontaktaufnahme k\u00f6nnen Sie uns anrufen oder eine mail schreiben. Wir werden uns so schnell wie m\u00f6glich um Ihre Anfrage k\u00fcmmern.<\/p>\n","protected":false},"author":1,"featured_media":0,"parent":0,"menu_order":0,"comment_status":"closed","ping_status":"closed","template":"","meta":{"footnotes":""},"class_list":["post-14","page","type-page","status-publish","hentry"],"_links":{"self":[{"href":"https:\/\/deuse-transporte.de\/index.php?rest_route=\/wp\/v2\/pages\/14","targetHints":{"allow":["GET"]}}],"collection":[{"href":"https:\/\/deuse-transporte.de\/index.php?rest_route=\/wp\/v2\/pages"}],"about":[{"href":"https:\/\/deuse-transporte.de\/index.php?rest_route=\/wp\/v2\/types\/page"}],"author":[{"embeddable":true,"href":"https:\/\/deuse-transporte.de\/index.php?rest_route=\/wp\/v2\/users\/1"}],"replies":[{"embeddable":true,"href":"https:\/\/deuse-transporte.de\/index.php?rest_route=%2Fwp%2Fv2%2Fcomments&post=14"}],"version-history":[{"count":14,"href":"https:\/\/deuse-transporte.de\/index.php?rest_route=\/wp\/v2\/pages\/14\/revisions"}],"predecessor-version":[{"id":559,"href":"https:\/\/deuse-transporte.de\/index.php?rest_route=\/wp\/v2\/pages\/14\/revisions\/559"}],"wp:attachment":[{"href":"https:\/\/deuse-transporte.de\/index.php?rest_route=%2Fwp%2Fv2%2Fmedia&parent=14"}],"curies":[{"name":"wp","href":"https:\/\/api.w.org\/{rel}","templated":true}]}}